{"id":649,"date":"2024-08-19T09:27:07","date_gmt":"2024-08-19T09:27:07","guid":{"rendered":"https:\/\/vitursummit.com\/?page_id=649"},"modified":"2025-08-21T18:39:12","modified_gmt":"2025-08-21T16:39:12","slug":"entradas-vitur-forum-madrid","status":"publish","type":"page","link":"https:\/\/vitursummit.com\/en\/entradas-vitur-forum-madrid\/","title":{"rendered":"Vitur Forum Madrid Tickets"},"content":{"rendered":"<div data-elementor-type=\"wp-page\" data-elementor-id=\"649\" class=\"elementor elementor-649\" data-elementor-post-type=\"page\">\n\t\t\t\t<div class=\"elementor-element elementor-element-5a35e4e e-con-full e-flex e-con e-parent\" data-id=\"5a35e4e\" data-element_type=\"container\" data-settings=\"{&quot;background_background&quot;:&quot;classic&quot;}\">\n\t\t<div class=\"elementor-element elementor-element-37a31b0 e-con-full e-flex e-con e-child\" data-id=\"37a31b0\" data-element_type=\"container\">\n\t\t\t\t<div class=\"elementor-element elementor-element-279d925 elementor-widget elementor-widget-heading\" data-id=\"279d925\" data-element_type=\"widget\" data-widget_type=\"heading.default\">\n\t\t\t\t<div class=\"elementor-widget-container\">\n\t\t\t\t\t<h2 class=\"elementor-heading-title elementor-size-default\">Vitur Forum Madrid 2025<\/h2>\t\t\t\t<\/div>\n\t\t\t\t<\/div>\n\t\t\t\t<div class=\"elementor-element elementor-element-902b397 elementor-widget elementor-widget-text-editor\" data-id=\"902b397\" data-element_type=\"widget\" data-widget_type=\"text-editor.default\">\n\t\t\t\t<div class=\"elementor-widget-container\">\n\t\t\t\t\t\t\t\t\t<h3>September 25th<\/h3>\nColegio de Ingenieros de Caminos, Canales y Puertos de Madrid (Association of Civil Engineers of Madrid)\t\t\t\t\t\t\t\t<\/div>\n\t\t\t\t<\/div>\n\t\t\t\t<div class=\"elementor-element elementor-element-98406f1 elementor-hidden-desktop elementor-hidden-tablet elementor-hidden-mobile elementor-widget elementor-widget-heading\" data-id=\"98406f1\" data-element_type=\"widget\" data-widget_type=\"heading.default\">\n\t\t\t\t<div class=\"elementor-widget-container\">\n\t\t\t\t\t<h2 class=\"elementor-heading-title elementor-size-default\">Vitur Forum Madrid Tickets<\/h2>\t\t\t\t<\/div>\n\t\t\t\t<\/div>\n\t\t\t\t<\/div>\n\t\t<div class=\"elementor-element elementor-element-f6d3253 e-con-full e-flex e-con e-child\" data-id=\"f6d3253\" data-element_type=\"container\">\n\t\t\t\t<div class=\"elementor-element elementor-element-7de46a1 elementor-widget-mobile__width-initial e-transform elementor-align-right elementor-widget elementor-widget-lottie\" data-id=\"7de46a1\" data-element_type=\"widget\" data-settings=\"{&quot;source_json&quot;:{&quot;url&quot;:&quot;https:\\\/\\\/vitursummit.com\\\/wp-content\\\/uploads\\\/2024\\\/07\\\/animacion_01.json&quot;,&quot;id&quot;:95,&quot;size&quot;:&quot;&quot;,&quot;alt&quot;:&quot;&quot;,&quot;source&quot;:&quot;library&quot;},&quot;loop&quot;:&quot;yes&quot;,&quot;play_speed&quot;:{&quot;unit&quot;:&quot;px&quot;,&quot;size&quot;:1.2,&quot;sizes&quot;:[]},&quot;_transform_rotateZ_effect_mobile&quot;:{&quot;unit&quot;:&quot;deg&quot;,&quot;size&quot;:90,&quot;sizes&quot;:[]},&quot;source&quot;:&quot;media_file&quot;,&quot;caption_source&quot;:&quot;none&quot;,&quot;link_to&quot;:&quot;none&quot;,&quot;trigger&quot;:&quot;arriving_to_viewport&quot;,&quot;viewport&quot;:{&quot;unit&quot;:&quot;%&quot;,&quot;size&quot;:&quot;&quot;,&quot;sizes&quot;:{&quot;start&quot;:0,&quot;end&quot;:100}},&quot;start_point&quot;:{&quot;unit&quot;:&quot;%&quot;,&quot;size&quot;:0,&quot;sizes&quot;:[]},&quot;end_point&quot;:{&quot;unit&quot;:&quot;%&quot;,&quot;size&quot;:100,&quot;sizes&quot;:[]},&quot;renderer&quot;:&quot;svg&quot;,&quot;_transform_rotateZ_effect&quot;:{&quot;unit&quot;:&quot;px&quot;,&quot;size&quot;:&quot;&quot;,&quot;sizes&quot;:[]},&quot;_transform_rotateZ_effect_tablet&quot;:{&quot;unit&quot;:&quot;deg&quot;,&quot;size&quot;:&quot;&quot;,&quot;sizes&quot;:[]}}\" data-widget_type=\"lottie.default\">\n\t\t\t\t<div class=\"elementor-widget-container\">\n\t\t\t\t\t<div class=\"e-lottie__container\"><div class=\"e-lottie__animation\"><\/div><\/div>\t\t\t\t<\/div>\n\t\t\t\t<\/div>\n\t\t\t\t<\/div>\n\t\t\t\t<\/div>\n\t\t<div class=\"elementor-element elementor-element-6a17251 e-flex e-con-boxed e-con e-parent\" data-id=\"6a17251\" data-element_type=\"container\">\n\t\t\t\t\t<div class=\"e-con-inner\">\n\t\t\t\t<div class=\"elementor-element elementor-element-2325bfe elementor-widget elementor-widget-html\" data-id=\"2325bfe\" data-element_type=\"widget\" data-widget_type=\"html.default\">\n\t\t\t\t<div class=\"elementor-widget-container\">\n\t\t\t\t\t<iframe id=\"frame176244\" style=\"width: 1px;min-width: 100%; border: 0px;overflow-y: scroll !important;\" sandbox=\"allow-scripts allow-forms allow-popups allow-modals allow-same-origin allow-popups\" src=\"https:\/\/eventos.vitursummit.com\/vitur-forum-madrid-2025?preview=1&lang=es\"><\/iframe>\n<script src=\"https:\/\/eventos.vitursummit.com\/land\/assets\/plugins\/iFrameResizer\/js\/iframeResizer.min.js\"><\/script><script> iFrameResize({ log: false }, \"#frame176244\");   <\/script>\t\t\t\t<\/div>\n\t\t\t\t<\/div>\n\t\t\t\t\t<\/div>\n\t\t\t\t<\/div>\n\t\t\t\t<\/div>","protected":false},"excerpt":{"rendered":"<p>Vitur Forum Madrid 2025 25 de septiembre Colegio de Ingenieros de Caminos, Canales y Puertos de Madrid<\/p>","protected":false},"author":1,"featured_media":0,"parent":0,"menu_order":0,"comment_status":"closed","ping_status":"closed","template":"","meta":{"_seopress_robots_primary_cat":"","_seopress_titles_title":"Compra tu entrada para Vitur Forum Madrid","_seopress_titles_desc":"\u00danete a nosotros en Madrid para un evento exclusivo donde l\u00edderes del sector del alojamiento flexible se re\u00fanen para compartir conocimientos y crear conexiones.","_seopress_robots_index":"","footnotes":""},"class_list":["post-649","page","type-page","status-publish","hentry"],"_links":{"self":[{"href":"https:\/\/vitursummit.com\/en\/wp-json\/wp\/v2\/pages\/649","targetHints":{"allow":["GET"]}}],"collection":[{"href":"https:\/\/vitursummit.com\/en\/wp-json\/wp\/v2\/pages"}],"about":[{"href":"https:\/\/vitursummit.com\/en\/wp-json\/wp\/v2\/types\/page"}],"author":[{"embeddable":true,"href":"https:\/\/vitursummit.com\/en\/wp-json\/wp\/v2\/users\/1"}],"replies":[{"embeddable":true,"href":"https:\/\/vitursummit.com\/en\/wp-json\/wp\/v2\/comments?post=649"}],"version-history":[{"count":58,"href":"https:\/\/vitursummit.com\/en\/wp-json\/wp\/v2\/pages\/649\/revisions"}],"predecessor-version":[{"id":7014,"href":"https:\/\/vitursummit.com\/en\/wp-json\/wp\/v2\/pages\/649\/revisions\/7014"}],"wp:attachment":[{"href":"https:\/\/vitursummit.com\/en\/wp-json\/wp\/v2\/media?parent=649"}],"curies":[{"name":"wp","href":"https:\/\/api.w.org\/{rel}","templated":true}]}}