{"id":3061,"date":"2024-11-24T12:58:32","date_gmt":"2024-11-24T12:58:32","guid":{"rendered":"https:\/\/vitursummit.com\/?page_id=3061"},"modified":"2024-11-24T13:00:22","modified_gmt":"2024-11-24T13:00:22","slug":"politica-de-cookies","status":"publish","type":"page","link":"https:\/\/vitursummit.com\/en\/politica-de-cookies\/","title":{"rendered":"Cookies policy"},"content":{"rendered":"\t\t<div data-elementor-type=\"wp-page\" data-elementor-id=\"3061\" class=\"elementor elementor-3061\" data-elementor-post-type=\"page\">\n\t\t\t\t<div class=\"elementor-element elementor-element-532c6a6 e-flex e-con-boxed e-con e-parent\" data-id=\"532c6a6\" data-element_type=\"container\">\n\t\t\t\t\t<div class=\"e-con-inner\">\n\t\t\t\t<div class=\"elementor-element elementor-element-845e43b elementor-widget elementor-widget-text-editor\" data-id=\"845e43b\" data-element_type=\"widget\" data-widget_type=\"text-editor.default\">\n\t\t\t\t<div class=\"elementor-widget-container\">\n\t\t\t\t\t\t\t\t\t<div class=\"tab-wrapper\">\n<div id=\"cajax130679\" class=\"\">\n<section id=\"section130682\" class=\"section130682\">\n<div id=\"content130682\">\n<div class=\"col-xs-12\">\n<div class=\"section130682 content-sm \">\n<div class=\"col-md-12 p-l-0 p-r-0 fadeInUp\">\n<div class=\"fromeditor\">\n<h4>Acerca de esta pol\u00edtica de cookies.<\/h4>\n<p>Esta Pol\u00edtica de Cookies explica qu\u00e9 son las cookies y c\u00f3mo las utilizamos. Debes leer esta pol\u00edtica para entender qu\u00e9 son las cookies, c\u00f3mo las utilizamos, los tipos de cookies que utilizamos, es decir, la informaci\u00f3n que recopilamos utilizando cookies y c\u00f3mo se utiliza esa informaci\u00f3n y c\u00f3mo controlar las preferencias de cookies. Para m\u00e1s informaci\u00f3n sobre c\u00f3mo utilizamos, almacenamos y mantenemos seguros sus datos personales, consulte nuestra&nbsp;<a href=\"https:\/\/eventos.vitursummit.com\/w\/vitursummit\/130681\/privacy\" target=\"_blank\" rel=\"noopener\">Pol\u00edtica de privacidad<\/a>.<\/p>\n<p>En cualquier momento puedes cambiar o retirar tu consentimiento de la Declaraci\u00f3n de Cookies en nuestro sitio web. Obteniene m\u00e1s informaci\u00f3n sobre qui\u00e9nes somos, c\u00f3mo puedes ponerte en contacto con nosotros y c\u00f3mo procesamos los datos personales en nuestra Pol\u00edtica de privacidad. Tu consentimiento se aplica a los siguientes dominios: vitursummit.com[user_consent_state]<\/p>\n<h4>\u00bfQu\u00e9 son las cookies?<\/h4>\n<p>Las cookies son peque\u00f1os archivos de texto que se utilizan para almacenar peque\u00f1as piezas de informaci\u00f3n. Las cookies se almacenan en tu dispositivo cuando se carga el sitio web en tu navegador. Estas cookies nos ayudan a hacer que el sitio web funcione correctamente, que sea m\u00e1s seguro, a proporcionar una mejor experiencia al usuario y a entender c\u00f3mo funciona el sitio web y analizar qu\u00e9 funciona y en qu\u00e9 aspectos necesita mejoras.<\/p>\n<h4>\u00bfC\u00f3mo utilizamos las cookies?<\/h4>\n<p>Como la mayor\u00eda de los servicios en l\u00ednea, nuestro sitio web utiliza cookies propias y de terceros para diversos fines. Las cookies de origen son en su mayor\u00eda necesarias para que el sitio web funcione correctamente, y no recogen ning\u00fan dato personal que pueda identificarle.<\/p>\n<p>Las cookies de terceros utilizadas en nuestros sitios web se utilizan principalmente para comprender c\u00f3mo funciona el sitio web, c\u00f3mo interact\u00faa usted con nuestro sitio web, mantener nuestros servicios seguros, proporcionar anuncios que sean relevantes para usted y, en definitiva, proporcionarle una experiencia de usuario mejorada y ayudar a acelerar sus futuras interacciones con nuestro sitio web.<\/p>\n<h4>\u00bfQu\u00e9 tipos de cookies utilizamos?<\/h4>\n<p>Las cookies utilizadas en nuestro sitio web se agrupan en las siguientes categor\u00edas[cookie_category].<\/p>\n<p>La siguiente lista detalla las cookies utilizadas en nuestro sitio web.[cookie_audit_category columns=\u00bbcookie,description\u00bb]<\/p>\n<h4>\u00bfC\u00f3mo puedo controlar las preferencias de cookies?<\/h4>\n<p>de tu pantalla. Esto te mostrar\u00e1 de nuevo el aviso de consentimiento, permiti\u00e9ndole cambiar tus preferencias o retirar tu consentimiento por completo.<\/p>\n<p>Adem\u00e1s, los distintos navegadores ofrecen diferentes m\u00e9todos para bloquear y eliminar las cookies utilizadas por los sitios web. Puedes cambiar la configuraci\u00f3n de tu navegador para bloquear\/eliminar las cookies. Para saber m\u00e1s sobre c\u00f3mo gestionar y eliminar las cookies, visite&nbsp;&nbsp;<a href=\"https:\/\/www.wikipedia.org\/\" target=\"_blank\" rel=\"noopener\">wikipedia.org<\/a>,&nbsp;<a href=\"https:\/\/allaboutcookies.org\/\" target=\"_blank\" rel=\"noopener\">www.allaboutcookies.org<\/a>.<\/p><\/div><\/div>\n<\/div>\n<\/div>\n<\/div>\n<\/section>\n<\/div>\n<\/div>\t\t\t\t\t\t\t\t<\/div>\n\t\t\t\t<\/div>\n\t\t\t\t\t<\/div>\n\t\t\t\t<\/div>\n\t\t\t\t<\/div>\n\t\t","protected":false},"excerpt":{"rendered":"<p>Acerca de esta pol\u00edtica de cookies. Esta Pol\u00edtica de Cookies explica qu\u00e9 son las cookies y c\u00f3mo las utilizamos. Debes leer esta pol\u00edtica para entender qu\u00e9 son las cookies, c\u00f3mo las utilizamos, los tipos de cookies que utilizamos, es decir, la informaci\u00f3n que recopilamos utilizando cookies y c\u00f3mo se utiliza esa informaci\u00f3n y c\u00f3mo controlar [&hellip;]<\/p>\n","protected":false},"author":1,"featured_media":0,"parent":0,"menu_order":0,"comment_status":"closed","ping_status":"closed","template":"","meta":{"_seopress_robots_primary_cat":"","_seopress_titles_title":"","_seopress_titles_desc":"","_seopress_robots_index":"","footnotes":""},"class_list":["post-3061","page","type-page","status-publish","hentry"],"_links":{"self":[{"href":"https:\/\/vitursummit.com\/en\/wp-json\/wp\/v2\/pages\/3061","targetHints":{"allow":["GET"]}}],"collection":[{"href":"https:\/\/vitursummit.com\/en\/wp-json\/wp\/v2\/pages"}],"about":[{"href":"https:\/\/vitursummit.com\/en\/wp-json\/wp\/v2\/types\/page"}],"author":[{"embeddable":true,"href":"https:\/\/vitursummit.com\/en\/wp-json\/wp\/v2\/users\/1"}],"replies":[{"embeddable":true,"href":"https:\/\/vitursummit.com\/en\/wp-json\/wp\/v2\/comments?post=3061"}],"version-history":[{"count":4,"href":"https:\/\/vitursummit.com\/en\/wp-json\/wp\/v2\/pages\/3061\/revisions"}],"predecessor-version":[{"id":3065,"href":"https:\/\/vitursummit.com\/en\/wp-json\/wp\/v2\/pages\/3061\/revisions\/3065"}],"wp:attachment":[{"href":"https:\/\/vitursummit.com\/en\/wp-json\/wp\/v2\/media?parent=3061"}],"curies":[{"name":"wp","href":"https:\/\/api.w.org\/{rel}","templated":true}]}}